{"id":2,"date":"2025-05-16T12:42:55","date_gmt":"2025-05-16T12:42:55","guid":{"rendered":"https:\/\/fggfsignature.com\/?page_id=2"},"modified":"2025-12-04T10:20:09","modified_gmt":"2025-12-04T15:20:09","slug":"sample-page","status":"publish","type":"page","link":"https:\/\/www.fggfsignature.com\/es\/","title":{"rendered":"Bienvenido a FG &amp; GF Signature"},"content":{"rendered":"<p><\/p>\n\n\n\n<h1 class=\"wp-block-heading has-text-align-center has-text-color has-link-color wp-elements-36e62063994f95146862dc1a8f170c1a\" style=\"color:#f26522\"><strong>Tu Centro de Servicios y <\/strong><\/h1>\n\n\n\n<h1 class=\"wp-block-heading has-text-align-center has-text-color has-link-color wp-elements-30219fae23a8054a2948fa439f2acb7e\" style=\"color:#f26522\"><strong>Soporte Digital \"Todo en Uno\"<\/strong><\/h1>\n\n\n\n<p>Ya sea que seas un emprendedor, una peque\u00f1a empresa o un individuo, optimizamos tu flujo de trabajo para que puedas concentrarte en lo que m\u00e1s importa. D\u00e9janos manejar los detalles \u2014 con precisi\u00f3n, creatividad y herramientas de vanguardia. Nos especializamos en la preparaci\u00f3n de documentos legales, gesti\u00f3n de redes sociales, servicios de inteligencia artificial, asistencia virtual, traducci\u00f3n profesional y dise\u00f1o de documentos.<\/p>\n\n\n\n<figure class=\"wp-block-image size-large\"><img alt=\"\" loading=\"lazy\" decoding=\"async\" width=\"1024\" height=\"760\" src=\"https:\/\/fggfsignature.com\/wp-content\/uploads\/2025\/05\/mbr-1256x932-1-1024x760.jpg\" class=\"wp-image-28\" srcset=\"https:\/\/www.fggfsignature.com\/wp-content\/uploads\/2025\/05\/mbr-1256x932-1-1024x760.jpg 1024w, https:\/\/www.fggfsignature.com\/wp-content\/uploads\/2025\/05\/mbr-1256x932-1-300x223.jpg 300w, https:\/\/www.fggfsignature.com\/wp-content\/uploads\/2025\/05\/mbr-1256x932-1-768x570.jpg 768w, https:\/\/www.fggfsignature.com\/wp-content\/uploads\/2025\/05\/mbr-1256x932-1.jpg 1256w\" sizes=\"auto, (max-width: 1024px) 100vw, 1024px\" \/><\/figure>\n\n\n\n<p><\/p>\n\n\n\n<div class=\"wp-block-group alignfull has-global-padding is-layout-constrained wp-container-core-group-is-layout-ebee8dc1 wp-block-group-is-layout-constrained\" style=\"margin-top:0;margin-bottom:0;padding-top:var(--wp--preset--spacing--50);padding-bottom:var(--wp--preset--spacing--50)\">\n<h2 class=\"wp-block-heading alignwide has-text-align-center has-text-color has-link-color wp-elements-a263d920fc72b26dc3c9b4f186511adc\" style=\"color:#f26522\"><strong>Nuestros servicios<\/strong><\/h2>\n\n\n\n<div class=\"wp-block-columns alignwide is-layout-flex wp-container-core-columns-is-layout-28f84493 wp-block-columns-is-layout-flex\">\n<div class=\"wp-block-column is-layout-flow wp-block-column-is-layout-flow\">\n<figure class=\"wp-block-image aligncenter size-full is-resized\"><a href=\"https:\/\/www.fggfsignature.com\/es\/legal-documents-preparation\/\"><img alt=\"\" loading=\"lazy\" decoding=\"async\" width=\"512\" height=\"512\" src=\"https:\/\/fggfsignature.com\/wp-content\/uploads\/2025\/05\/account.png\" class=\"wp-image-176\" style=\"width:150px;height:auto\" srcset=\"https:\/\/www.fggfsignature.com\/wp-content\/uploads\/2025\/05\/account.png 512w, https:\/\/www.fggfsignature.com\/wp-content\/uploads\/2025\/05\/account-300x300.png 300w, https:\/\/www.fggfsignature.com\/wp-content\/uploads\/2025\/05\/account-150x150.png 150w, https:\/\/www.fggfsignature.com\/wp-content\/uploads\/2025\/05\/account-12x12.png 12w\" sizes=\"auto, (max-width: 512px) 100vw, 512px\" \/><\/a><\/figure>\n\n\n\n<h3 class=\"wp-block-heading has-text-align-center has-text-color has-link-color wp-elements-533000114f917848b319a88cd722bc03\" style=\"color:#f26522\"><strong>Preparaci\u00f3n de Documentos Legales<\/strong><\/h3>\n\n\n\n<p class=\"has-text-align-center has-medium-font-size\">En un mundo donde la precisi\u00f3n legal es esencial, nuestro servicio de Preparaci\u00f3n de Documentos y Formularios Legales est\u00e1 dise\u00f1ado para brindar asistencia eficiente a personas y empresas que necesitan apoyo en la elaboraci\u00f3n de documentos legales claros y listos para su presentaci\u00f3n.<\/p>\n<\/div>\n\n\n\n<div class=\"wp-block-column is-layout-flow wp-block-column-is-layout-flow\">\n<figure class=\"wp-block-image aligncenter size-full is-resized\"><a href=\"https:\/\/www.fggfsignature.com\/es\/social-media-services\/\"><img alt=\"\" loading=\"lazy\" decoding=\"async\" width=\"512\" height=\"512\" src=\"https:\/\/fggfsignature.com\/wp-content\/uploads\/2025\/05\/content.png\" class=\"wp-image-37\" style=\"width:151px;height:auto\" srcset=\"https:\/\/www.fggfsignature.com\/wp-content\/uploads\/2025\/05\/content.png 512w, https:\/\/www.fggfsignature.com\/wp-content\/uploads\/2025\/05\/content-300x300.png 300w, https:\/\/www.fggfsignature.com\/wp-content\/uploads\/2025\/05\/content-150x150.png 150w\" sizes=\"auto, (max-width: 512px) 100vw, 512px\" \/><\/a><\/figure>\n\n\n\n<h3 class=\"wp-block-heading has-text-align-center has-text-color has-link-color wp-elements-ad1e60d7e10e4bd64f3baca046430332\" style=\"color:#f26522\"><strong>Digital Copywriting<\/strong><\/h3>\n\n\n\n<p class=\"has-text-align-center has-medium-font-size\">En un panorama digital donde la capacidad de atenci\u00f3n es fugaz, las palabras de su sitio web son su activo m\u00e1s poderoso. Nuestro servicio de redacci\u00f3n digital ofrece contenido claro, atractivo y estrat\u00e9gicamente elaborado que captura la voz de su marca.<\/p>\n<\/div>\n\n\n\n<div class=\"wp-block-column is-layout-flow wp-block-column-is-layout-flow\">\n<figure class=\"wp-block-image aligncenter size-full is-resized\"><a href=\"https:\/\/www.fggfsignature.com\/es\/notary-services\/\"><img alt=\"\" loading=\"lazy\" decoding=\"async\" width=\"512\" height=\"512\" src=\"https:\/\/www.fggfsignature.com\/wp-content\/uploads\/2025\/06\/notary.png\" class=\"wp-image-247\" style=\"width:151px;height:auto\" srcset=\"https:\/\/www.fggfsignature.com\/wp-content\/uploads\/2025\/06\/notary.png 512w, https:\/\/www.fggfsignature.com\/wp-content\/uploads\/2025\/06\/notary-300x300.png 300w, https:\/\/www.fggfsignature.com\/wp-content\/uploads\/2025\/06\/notary-150x150.png 150w, https:\/\/www.fggfsignature.com\/wp-content\/uploads\/2025\/06\/notary-12x12.png 12w\" sizes=\"auto, (max-width: 512px) 100vw, 512px\" \/><\/a><\/figure>\n\n\n\n<h3 class=\"wp-block-heading has-text-align-center has-text-color has-link-color wp-elements-d3f63cf8c64eb424ac0d4c530583d03d\" style=\"color:#f26522\"><strong>Notario P\u00fablico<\/strong><\/h3>\n\n\n\n<p class=\"has-text-align-center has-medium-font-size\">Ofrecemos una notarizaci\u00f3n r\u00e1pida, confiable y confidencial para todos sus documentos legales, incluidos contratos, declaraciones juradas y escrituras. Nuestros notarios certificados garantizan el cumplimiento de las regulaciones estatales, brind\u00e1ndole tranquilidad en sus transacciones.<\/p>\n<\/div>\n<\/div>\n\n\n\n<div class=\"wp-block-columns alignwide is-layout-flex wp-container-core-columns-is-layout-28f84493 wp-block-columns-is-layout-flex\">\n<div class=\"wp-block-column is-layout-flow wp-block-column-is-layout-flow\">\n<figure class=\"wp-block-image aligncenter size-full is-resized\"><a href=\"https:\/\/www.fggfsignature.com\/es\/understanding-virtual-assistance\/\"><img alt=\"\" loading=\"lazy\" decoding=\"async\" width=\"512\" height=\"512\" src=\"https:\/\/fggfsignature.com\/wp-content\/uploads\/2025\/05\/virtual-assistant.png\" class=\"wp-image-102\" style=\"width:150px;height:auto\" srcset=\"https:\/\/www.fggfsignature.com\/wp-content\/uploads\/2025\/05\/virtual-assistant.png 512w, https:\/\/www.fggfsignature.com\/wp-content\/uploads\/2025\/05\/virtual-assistant-300x300.png 300w, https:\/\/www.fggfsignature.com\/wp-content\/uploads\/2025\/05\/virtual-assistant-150x150.png 150w\" sizes=\"auto, (max-width: 512px) 100vw, 512px\" \/><\/a><\/figure>\n\n\n\n<h3 class=\"wp-block-heading has-text-align-center has-text-color has-link-color wp-elements-d83e1b7526eb2492c5cb112d249ef04a\" style=\"color:#f26522\"><strong>Asistencia Virtual<\/strong><\/h3>\n\n\n\n<p class=\"has-text-align-center has-medium-font-size\">\u00a1Optimiza tu negocio con nuestros servicios de Asistente Virtual! Nuestros asistentes capacitados manejan tareas como programaci\u00f3n, gesti\u00f3n de correos electr\u00f3nicos y atenci\u00f3n al cliente, liber\u00e1ndote para que te enfoques en lo que m\u00e1s importa. Con soluciones personalizadas y eficientes, aumentamos tu productividad y mantenemos tus operaciones funcionando sin problemas.<\/p>\n<\/div>\n\n\n\n<div class=\"wp-block-column is-layout-flow wp-block-column-is-layout-flow\">\n<figure class=\"wp-block-image aligncenter size-full is-resized\"><a href=\"https:\/\/www.fggfsignature.com\/es\/personal-document-translation\/\"><img alt=\"\" loading=\"lazy\" decoding=\"async\" width=\"512\" height=\"512\" src=\"https:\/\/fggfsignature.com\/wp-content\/uploads\/2025\/05\/translate.png\" class=\"wp-image-103\" style=\"width:151px;height:auto\" srcset=\"https:\/\/www.fggfsignature.com\/wp-content\/uploads\/2025\/05\/translate.png 512w, https:\/\/www.fggfsignature.com\/wp-content\/uploads\/2025\/05\/translate-300x300.png 300w, https:\/\/www.fggfsignature.com\/wp-content\/uploads\/2025\/05\/translate-150x150.png 150w\" sizes=\"auto, (max-width: 512px) 100vw, 512px\" \/><\/a><\/figure>\n\n\n\n<h3 class=\"wp-block-heading has-text-align-center has-text-color has-link-color wp-elements-04ac3e22a6430d921f09636de205d05f\" style=\"color:#f26522\"><strong>Traducci\u00f3n<\/strong><\/h3>\n\n\n\n<p class=\"has-text-align-center has-medium-font-size\">\u00a1Ampl\u00eda tu alcance global con nuestros servicios de traducci\u00f3n profesionales! Proporcionamos traducciones precisas y culturalmente sensibles para documentos, sitios web y materiales de marketing en franc\u00e9s, espa\u00f1ol e ingl\u00e9s. \u00a1Aseguramos que tu mensaje resuene en todo el mundo, manteniendo la voz y la precisi\u00f3n de tu marca!<\/p>\n<\/div>\n\n\n\n<div class=\"wp-block-column is-layout-flow wp-block-column-is-layout-flow\">\n<figure class=\"wp-block-image aligncenter size-full is-resized\"><a href=\"https:\/\/www.fggfsignature.com\/es\/document-layout\/\"><img alt=\"\" loading=\"lazy\" decoding=\"async\" width=\"512\" height=\"512\" src=\"https:\/\/fggfsignature.com\/wp-content\/uploads\/2025\/05\/layout.png\" class=\"wp-image-111\" style=\"width:149px;height:auto\" srcset=\"https:\/\/www.fggfsignature.com\/wp-content\/uploads\/2025\/05\/layout.png 512w, https:\/\/www.fggfsignature.com\/wp-content\/uploads\/2025\/05\/layout-300x300.png 300w, https:\/\/www.fggfsignature.com\/wp-content\/uploads\/2025\/05\/layout-150x150.png 150w\" sizes=\"auto, (max-width: 512px) 100vw, 512px\" \/><\/a><\/figure>\n\n\n\n<h3 class=\"wp-block-heading has-text-align-center has-custom-f-26522-color has-text-color has-link-color wp-elements-48fb1b8cd64209e1066ee82a14ef76ac\"><strong>Dise\u00f1o de Documento <\/strong><\/h3>\n\n\n\n<p class=\"has-text-align-center has-medium-font-size\">Dise\u00f1amos maquetas profesionales y atractivas para todas tus necesidades empresariales, desde informes y folletos hasta presentaciones y materiales de marketing. <br>Nuestro equipo se asegura de que cada documento no solo sea est\u00e9ticamente agradable, sino tambi\u00e9n f\u00e1cil de leer y comprender.<\/p>\n<\/div>\n<\/div>\n<\/div>\n\n\n\n<figure class=\"wp-block-image size-large\"><img alt=\"\" loading=\"lazy\" decoding=\"async\" width=\"1024\" height=\"681\" src=\"https:\/\/fggfsignature.com\/wp-content\/uploads\/2025\/05\/mbr-1036x689-1-1024x681.jpg\" class=\"wp-image-47\" srcset=\"https:\/\/www.fggfsignature.com\/wp-content\/uploads\/2025\/05\/mbr-1036x689-1-1024x681.jpg 1024w, https:\/\/www.fggfsignature.com\/wp-content\/uploads\/2025\/05\/mbr-1036x689-1-300x200.jpg 300w, https:\/\/www.fggfsignature.com\/wp-content\/uploads\/2025\/05\/mbr-1036x689-1-768x511.jpg 768w, https:\/\/www.fggfsignature.com\/wp-content\/uploads\/2025\/05\/mbr-1036x689-1.jpg 1036w\" sizes=\"auto, (max-width: 1024px) 100vw, 1024px\" \/><\/figure>\n\n\n\n<hr class=\"wp-block-separator has-alpha-channel-opacity\"\/>\n\n\n\n<h2 class=\"wp-block-heading has-text-align-center has-text-color has-link-color wp-elements-0a02e6b2295ec03ae384bf7c9ae8d2e7\" style=\"color:#f26522\"><strong>Categor\u00edas de art\u00edculos<\/strong><\/h2>\n\n\n<ul class=\"wp-block-categories-list aligncenter wp-block-categories\">\t<li class=\"cat-item cat-item-6\"><a href=\"https:\/\/www.fggfsignature.com\/es\/category\/artificialintelligence\/\">Inteligencia Artificial<\/a>\n<\/li>\n\t<li class=\"cat-item cat-item-36\"><a href=\"https:\/\/www.fggfsignature.com\/es\/category\/chatbot\/\">chatbot<\/a>\n<\/li>\n\t<li class=\"cat-item cat-item-17\"><a href=\"https:\/\/www.fggfsignature.com\/es\/category\/digital-publishing\/\">Publicaci\u00f3n Digital<\/a>\n<\/li>\n\t<li class=\"cat-item cat-item-41\"><a href=\"https:\/\/www.fggfsignature.com\/es\/category\/digital-signage\/\">Carteler\u00eda Digital<\/a>\n<\/li>\n\t<li class=\"cat-item cat-item-31\"><a href=\"https:\/\/www.fggfsignature.com\/es\/category\/home-services\/\">Servicios a domicilio<\/a>\n<\/li>\n\t<li class=\"cat-item cat-item-39\"><a href=\"https:\/\/www.fggfsignature.com\/es\/category\/legal-document\/\">Documentos legales<\/a>\n<\/li>\n\t<li class=\"cat-item cat-item-15\"><a href=\"https:\/\/www.fggfsignature.com\/es\/category\/online-procedures\/\">Diligencias Online<\/a>\n<\/li>\n\t<li class=\"cat-item cat-item-43\"><a href=\"https:\/\/www.fggfsignature.com\/es\/category\/paralegal\/\">Paralegal<\/a>\n<\/li>\n\t<li class=\"cat-item cat-item-26\"><a href=\"https:\/\/www.fggfsignature.com\/es\/category\/photo-editing\/\">Edici\u00f3n de Fotos<\/a>\n<\/li>\n\t<li class=\"cat-item cat-item-25\"><a href=\"https:\/\/www.fggfsignature.com\/es\/category\/prompt-engineering\/\">Ingenier\u00eda de prompts<\/a>\n<\/li>\n\t<li class=\"cat-item cat-item-28\"><a href=\"https:\/\/www.fggfsignature.com\/es\/category\/public-notary\/\">Notario P\u00fablico<\/a>\n<\/li>\n\t<li class=\"cat-item cat-item-7\"><a href=\"https:\/\/www.fggfsignature.com\/es\/category\/socialmedia\/\">Redes Sociales<\/a>\n<\/li>\n\t<li class=\"cat-item cat-item-9\"><a href=\"https:\/\/www.fggfsignature.com\/es\/category\/traduction\/\">Traducci\u00f3n<\/a>\n<\/li>\n\t<li class=\"cat-item cat-item-8\"><a href=\"https:\/\/www.fggfsignature.com\/es\/category\/virtualassistant\/\">Asistente Virtual<\/a>\n<\/li>\n<\/ul>\n\n\n<hr class=\"wp-block-separator has-alpha-channel-opacity\"\/>\n\n\n\n<h2 class=\"wp-block-heading has-text-align-center has-text-color has-link-color wp-elements-1e6aa6b577339252fa68a4dd22b2f7a0\" style=\"color:#f26522\"><strong>Acerca de nosotros\u2026<\/strong><\/h2>\n\n\n\n<p>En el coraz\u00f3n de nuestro trabajo hay una misi\u00f3n simple: ayudarte a hacer m\u00e1s, estresarte menos y tener \u00e9xito m\u00e1s r\u00e1pido. Somos un equipo din\u00e1mico de profesionales con una pasi\u00f3n por simplificar tareas complejas y ofrecer servicios de alta calidad adaptados a tus necesidades.<\/p>\n\n\n\n<p>Ya sea que est\u00e9s navegando por tr\u00e1mites legales, haciendo crecer tu marca en l\u00ednea, explorando el poder de la IA, o simplemente necesites un soporte confiable, estamos aqu\u00ed para hacer tu vida m\u00e1s f\u00e1cil. Con experiencia en preparaci\u00f3n de documentos legales, gesti\u00f3n de redes sociales, soluciones de IA, asistencia virtual, traducci\u00f3n y dise\u00f1o de documentos, juntamos eficiencia, creatividad e innovaci\u00f3n bajo un mismo techo.<\/p>\n\n\n\n<p>\u00bfQu\u00e9 nos diferencia? Un enfoque humano potenciado por la tecnolog\u00eda. Escuchamos, nos adaptamos y tratamos tus objetivos como propios. \u00danete a nosotros y experimenta una forma m\u00e1s inteligente y \u00e1gil de hacer las cosas.<\/p>\n\n\n\n<p>Construyamos algo grandioso juntos.<\/p>\n\n\n\n<p><\/p>\n\n\n\n<h2 class=\"wp-block-heading has-text-align-center has-text-color has-link-color wp-elements-6ba691cc506814c624b354e18146372c\" style=\"color:#f26522\"><strong>\u00bfPor qu\u00e9 los clientes nos eligen?<\/strong><\/h2>\n\n\n\n<p>Elegir al socio adecuado puede marcar la diferencia, y por eso nuestros clientes nos eligen a nosotros. Esto es lo que nos diferencia:<\/p>\n\n\n\n<p><strong>Versatilidad en la que puede confiar<br><\/strong>Desde la preparaci\u00f3n de documentos jur\u00eddicos hasta soluciones basadas en IA, gesti\u00f3n de redes sociales y traducci\u00f3n profesional: ofrecemos una amplia gama de servicios para satisfacer todas sus necesidades en un solo lugar.<\/p>\n\n\n\n<p><strong>Experiencia con un toque humano<br><\/strong>Combinamos profundos conocimientos t\u00e9cnicos con asistencia personalizada. Usted no es una tarea m\u00e1s: es un socio valioso, y tratamos sus objetivos como si fueran los nuestros.<\/p>\n\n\n\n<p><strong>La eficacia se une a la calidad<br><\/strong>Entregamos resultados r\u00e1pidos, precisos y pulidos sin comprometer la calidad. Su tiempo es importante y estamos aqu\u00ed para ayudarle a ahorrarlo.<\/p>\n\n\n\n<p><strong>Soluciones a medida<br><\/strong>Aqu\u00ed no hay servicios estereotipados. Escuchamos sus necesidades y adaptamos nuestro enfoque para ofrecer soluciones personalizadas que realmente funcionen para usted.<\/p>\n\n\n\n<p><strong>Innovaci\u00f3n<br><\/strong>Adoptamos las \u00faltimas herramientas y tecnolog\u00edas para mantenerte a la vanguardia, ya sea aprovechando la IA u optimizando tu presencia digital.<\/p>\n\n\n\n<p>Our clients choose us because we make their lives easier, their businesses stronger, and their ideas come to life. <strong>Ready to see what we can do for you?.<\/strong><\/p>\n\n\n\n<p><\/p>\n\n\n\n<h2 class=\"wp-block-heading has-text-align-center has-text-color has-link-color wp-elements-783bb690112a1dbffed93fd836a780d6\" style=\"color:#f26522\"><strong>Contacto<\/strong><\/h2>\n\n\n\n<h6 class=\"wp-block-heading has-text-align-center\"><strong>Tel\u00e9fono<\/strong><\/h6>\n\n\n\n<p class=\"has-text-align-center\"><a href=\"tel:+17866446577\">1 (786) 644 6577<\/a><\/p>\n\n\n\n<h6 class=\"wp-block-heading has-text-align-center\"><strong>Horas de Trabajo<\/strong><\/h6>\n\n\n\n<p class=\"has-text-align-center\">Lun. Viern. 9:00 - 17:00<\/p>\n\n\n\n<h6 class=\"wp-block-heading has-text-align-center\"><strong>Direcci\u00f3n de correo<\/strong><\/h6>\n\n\n\n<p class=\"has-text-align-center\">Bird Road 33155 Miami FL &#8211; USA<br><strong>(Sin Visitas Presenciales)<\/strong><\/p>","protected":false},"excerpt":{"rendered":"<p>Your &#8220;All-in-One&#8221; Services &amp; Digital Support Hub Whether you&#8217;re an entrepreneur, small business, or individual, we streamline your workflow so you can focus on what matters most. Let us handle the details \u2014 with precision, creativity, and cutting-edge tools. We specialize in legal document preparation, social media management, artificial intelligence services, virtual assistance, professional translation, [&hellip;]<\/p>\n","protected":false},"author":1,"featured_media":0,"parent":0,"menu_order":0,"comment_status":"closed","ping_status":"closed","template":"","meta":{"_seopress_robots_primary_cat":"","_seopress_titles_title":"%%sitetitle%% %%post_title%%","_seopress_titles_desc":"From innovative solutions to reliable support, our dedicated team delivers tailored results across industries.","_seopress_robots_index":"","footnotes":""},"class_list":["post-2","page","type-page","status-publish","hentry"],"_links":{"self":[{"href":"https:\/\/www.fggfsignature.com\/es\/wp-json\/wp\/v2\/pages\/2","targetHints":{"allow":["GET"]}}],"collection":[{"href":"https:\/\/www.fggfsignature.com\/es\/wp-json\/wp\/v2\/pages"}],"about":[{"href":"https:\/\/www.fggfsignature.com\/es\/wp-json\/wp\/v2\/types\/page"}],"author":[{"embeddable":true,"href":"https:\/\/www.fggfsignature.com\/es\/wp-json\/wp\/v2\/users\/1"}],"replies":[{"embeddable":true,"href":"https:\/\/www.fggfsignature.com\/es\/wp-json\/wp\/v2\/comments?post=2"}],"version-history":[{"count":43,"href":"https:\/\/www.fggfsignature.com\/es\/wp-json\/wp\/v2\/pages\/2\/revisions"}],"predecessor-version":[{"id":420,"href":"https:\/\/www.fggfsignature.com\/es\/wp-json\/wp\/v2\/pages\/2\/revisions\/420"}],"wp:attachment":[{"href":"https:\/\/www.fggfsignature.com\/es\/wp-json\/wp\/v2\/media?parent=2"}],"curies":[{"name":"wp","href":"https:\/\/api.w.org\/{rel}","templated":true}]}}